{"id":104,"date":"2018-11-16T18:45:03","date_gmt":"2018-11-16T23:45:03","guid":{"rendered":"https:\/\/cusjc.ca\/mosaic\/?page_id=104"},"modified":"2018-11-16T18:45:03","modified_gmt":"2018-11-16T23:45:03","slug":"our-team","status":"publish","type":"page","link":"https:\/\/cusjc.ca\/mosaic\/our-team\/","title":{"rendered":"Our Team"},"content":{"rendered":"<div class=\"tmm tmm_our-team\"><div class=\"tmm_3_columns tmm_wrap \"><span class=\"tmm_two_containers_tablet\"><\/span><div class=\"tmm_container\"><div class=\"tmm_member\" style=\"border-top:#a920b2 solid 5px;\"><div class=\"tmm_photo tmm_phover_our-team_0\" style=\"background: url(https:\/\/cusjc.ca\/mosaic\/wp-content\/uploads\/2018\/11\/Andre-Sponder.jpg); margin-left:auto; margin-right:auto; background-size:cover !important;\"><\/div><div class=\"tmm_textblock\"><div class=\"tmm_names\"><span class=\"tmm_fname\">Andr\u00e9<\/span> <span class=\"tmm_lname\">Sponder<\/span><\/div><div class=\"tmm_job\">Reporter<br \/>Editor<\/div><div class=\"tmm_desc\" style=\"text-align:left\"><p>Andr\u00e9 is from Ottawa, where she worked in civil engineering for six year before transitioning to the Masters of Journalism program at Carleton University. She's a contributor to the Canadian Science Publishing blog and worked at the Science Media Centre of Canada.<\/p><\/div><div class=\"tmm_scblock\"><a target=\"_blank\" class=\"tmm_sociallink\" href=\"https:\/\/twitter.com\/AndreSponder\" title=\"Andr\u00e9's Twitter\"><img decoding=\"async\" alt=\"Andr\u00e9's Twitter\" src=\"https:\/\/cusjc.ca\/mosaic\/wp-content\/plugins\/team-members\/inc\/img\/links\/twitter.png\"\/><\/a><\/div><\/div><\/div><div class=\"tmm_member\" style=\"border-top:#a920b2 solid 5px;\"><div class=\"tmm_photo tmm_phover_our-team_1\" style=\"background: url(https:\/\/cusjc.ca\/mosaic\/wp-content\/uploads\/2018\/11\/Caroline-Mercer.jpg); margin-left:auto; margin-right:auto; background-size:cover !important;\"><\/div><div class=\"tmm_textblock\"><div class=\"tmm_names\"><span class=\"tmm_fname\">Caroline<\/span> <span class=\"tmm_lname\">Mercer<\/span><\/div><div class=\"tmm_job\">Reporter Emeritus<br \/>Assignment Editor<\/div><div class=\"tmm_desc\" style=\"text-align:left\"><p>Caroline Mercer is a Master of Journalism student with an undergrad in psychology and philosophy. She loves writing about science, health and technology. She's been featured in the Canadian Medical Association Journal, The Logic and Yale Medicine Magazine.<\/p><\/div><div class=\"tmm_scblock\"><a target=\"_blank\" class=\"tmm_sociallink\" href=\"https:\/\/twitter.com\/caromercer\" title=\"Caroline's Twitter\"><img decoding=\"async\" alt=\"Caroline's Twitter\" src=\"https:\/\/cusjc.ca\/mosaic\/wp-content\/plugins\/team-members\/inc\/img\/links\/twitter.png\"\/><\/a><\/div><\/div><\/div><span class=\"tmm_two_containers_tablet\"><\/span><div class=\"tmm_member\" style=\"border-top:#a920b2 solid 5px;\"><div class=\"tmm_photo tmm_phover_our-team_2\" style=\"background: url(https:\/\/cusjc.ca\/mosaic\/wp-content\/uploads\/2018\/11\/Matthew-Lemieux.jpg); margin-left:auto; margin-right:auto; background-size:cover !important;\"><\/div><div class=\"tmm_textblock\"><div class=\"tmm_names\"><span class=\"tmm_fname\">Matthew<\/span> <span class=\"tmm_lname\">Lemieux<\/span><\/div><div class=\"tmm_job\">Reporter<br \/>Production Editor<\/div><div class=\"tmm_desc\" style=\"text-align:left\"><p>Matthew grew up in Ottawa, spending over a decade as a copywriter before deciding it was time for a change. He completed a second undergraduate degree at Carleton before applying for Carleton's graduate journalism program. Lover of dogs and bees.<\/p><\/div><div class=\"tmm_scblock\"><a target=\"_blank\" class=\"tmm_sociallink\" href=\"https:\/\/twitter.com\/jmatthewlemieux\" title=\"Matthew's Twitter\"><img decoding=\"async\" alt=\"Matthew's Twitter\" src=\"https:\/\/cusjc.ca\/mosaic\/wp-content\/plugins\/team-members\/inc\/img\/links\/twitter.png\"\/><\/a><\/div><\/div><\/div><\/div><span class=\"tmm_columns_containers_desktop\"><\/span><div class=\"tmm_container\"><div class=\"tmm_member\" style=\"border-top:#a920b2 solid 5px;\"><div class=\"tmm_photo tmm_phover_our-team_3\" style=\"background: url(https:\/\/cusjc.ca\/mosaic\/wp-content\/uploads\/2018\/11\/David-Lochead.jpg); margin-left:auto; margin-right:auto; background-size:cover !important;\"><\/div><div class=\"tmm_textblock\"><div class=\"tmm_names\"><span class=\"tmm_fname\">David<\/span> <span class=\"tmm_lname\">Lochead<\/span><\/div><div class=\"tmm_job\">Reporter<br \/>Editor<\/div><div class=\"tmm_desc\" style=\"text-align:left\"><p>A Haligonian for the last five years, David was born and raised in Ottawa. A Dalhousie grad and current Carleton journalism student, lover of music, sports and puns. If a genie gave him a wish, it would be a mandatory Oxford comma.<\/p><\/div><div class=\"tmm_scblock\"><a target=\"_blank\" class=\"tmm_sociallink\" href=\"https:\/\/twitter.com\/dlochead92\" title=\"David's Twitter\"><img decoding=\"async\" alt=\"David's Twitter\" src=\"https:\/\/cusjc.ca\/mosaic\/wp-content\/plugins\/team-members\/inc\/img\/links\/twitter.png\"\/><\/a><\/div><\/div><\/div><span class=\"tmm_two_containers_tablet\"><\/span><div class=\"tmm_member\" style=\"border-top:#a920b2 solid 5px;\"><div class=\"tmm_photo tmm_phover_our-team_4\" style=\"background: url(https:\/\/cusjc.ca\/mosaic\/wp-content\/uploads\/2018\/11\/Erica-Endemann.jpg); margin-left:auto; margin-right:auto; background-size:cover !important;\"><\/div><div class=\"tmm_textblock\"><div class=\"tmm_names\"><span class=\"tmm_fname\">Erica<\/span> <span class=\"tmm_lname\">Endemann<\/span><\/div><div class=\"tmm_job\">Reporter<br \/>Assignment Editor<\/div><div class=\"tmm_desc\" style=\"text-align:left\"><p>Erica grew up in Ottawa, where she attended the University of Ottawa, where she was a contributor to The Fulcrum newspaper. She's currently taking a Master\u2019s degree in journalism at Carleton University.<\/p><\/div><div class=\"tmm_scblock\"><a target=\"_blank\" class=\"tmm_sociallink\" href=\"https:\/\/twitter.com\/CDEndemann\" title=\"Erica's Twitter\"><img decoding=\"async\" alt=\"Erica's Twitter\" src=\"https:\/\/cusjc.ca\/mosaic\/wp-content\/plugins\/team-members\/inc\/img\/links\/twitter.png\"\/><\/a><\/div><\/div><\/div><div class=\"tmm_member\" style=\"border-top:#a920b2 solid 5px;\"><div class=\"tmm_photo tmm_phover_our-team_5\" style=\"background: url(https:\/\/cusjc.ca\/mosaic\/wp-content\/uploads\/2018\/11\/Matthew-Guida.jpg); margin-left:auto; margin-right:auto; background-size:cover !important;\"><\/div><div class=\"tmm_textblock\"><div class=\"tmm_names\"><span class=\"tmm_fname\">Matthew<\/span> <span class=\"tmm_lname\">Guida<\/span><\/div><div class=\"tmm_job\">Reporter<br \/>Production Editor<\/div><div class=\"tmm_desc\" style=\"text-align:left\"><p>A native Montrealer, Matthew graduated from Concordia, where he wrote for the Concordian and Screen Rant. He is currently at Carleton University in the Master of Journalism program. He's interested in citizen journalism and its influences on the media landscape.<\/p><\/div><div class=\"tmm_scblock\"><a target=\"_blank\" class=\"tmm_sociallink\" href=\"https:\/\/twitter.com\/MatthewGuida1\" title=\"Matthew's Twitter\"><img decoding=\"async\" alt=\"Matthew's Twitter\" src=\"https:\/\/cusjc.ca\/mosaic\/wp-content\/plugins\/team-members\/inc\/img\/links\/twitter.png\"\/><\/a><\/div><\/div><\/div><span class=\"tmm_two_containers_tablet\"><\/span><\/div><span class=\"tmm_columns_containers_desktop\"><\/span><div class=\"tmm_container\"><div class=\"tmm_member\" style=\"border-top:#a920b2 solid 5px;\"><div class=\"tmm_photo tmm_phover_our-team_6\" style=\"background: url(https:\/\/cusjc.ca\/mosaic\/wp-content\/uploads\/2018\/11\/Alexandre-Robaey.jpg); margin-left:auto; margin-right:auto; background-size:cover !important;\"><\/div><div class=\"tmm_textblock\"><div class=\"tmm_names\"><span class=\"tmm_fname\">Alexandre<\/span> <span class=\"tmm_lname\">Robaey<\/span><\/div><div class=\"tmm_job\">Reporter<br \/>Editor<\/div><div class=\"tmm_desc\" style=\"text-align:left\"><p>Alexandre is a native of France who grew up in Montr\u00e9al. He studied at Coll\u00e8ge Jean de Br\u00e9beuf and uOttawa before joining the grad journalism program at Carleton. Alexandre worked translating, transcribing and editing technical manuscripts and likes reading, watching movies and playing with his dog.<\/p><\/div><div class=\"tmm_scblock\"><a target=\"_blank\" class=\"tmm_sociallink\" href=\"https:\/\/twitter.com\/arobaey1\" title=\"Alexandre's Twitter\"><img decoding=\"async\" alt=\"Alexandre's Twitter\" src=\"https:\/\/cusjc.ca\/mosaic\/wp-content\/plugins\/team-members\/inc\/img\/links\/twitter.png\"\/><\/a><\/div><\/div><\/div><div class=\"tmm_member\" style=\"border-top:#a920b2 solid 5px;\"><div class=\"tmm_photo tmm_phover_our-team_7\" style=\"background: url(https:\/\/cusjc.ca\/mosaic\/wp-content\/uploads\/2018\/11\/Niranjalli-Varma.jpg); margin-left:auto; margin-right:auto; background-size:cover !important;\"><\/div><div class=\"tmm_textblock\"><div class=\"tmm_names\"><span class=\"tmm_fname\">Niranjalli<\/span> <span class=\"tmm_lname\">Varma<\/span><\/div><div class=\"tmm_job\">Reporter<br \/>Assignment Editor<\/div><div class=\"tmm_desc\" style=\"text-align:left\"><p>Niranjalli completed a Masters in Mass Communication and Journalism in her native India, where she worked as a journalist and an Assistant Professor of Mass Media. She's an avid reader and cinephile who loves to travel.<\/p><\/div><div class=\"tmm_scblock\"><a target=\"_blank\" class=\"tmm_sociallink\" href=\"https:\/\/twitter.com\/NiranjalliV\" title=\"Niranjalli's Twitter\"><img decoding=\"async\" alt=\"Niranjalli's Twitter\" src=\"https:\/\/cusjc.ca\/mosaic\/wp-content\/plugins\/team-members\/inc\/img\/links\/twitter.png\"\/><\/a><\/div><\/div><\/div><span class=\"tmm_two_containers_tablet\"><\/span><div class=\"tmm_member\" style=\"border-top:#a920b2 solid 5px;\"><div class=\"tmm_photo tmm_phover_our-team_8\" style=\"background: url(https:\/\/cusjc.ca\/mosaic\/wp-content\/uploads\/2018\/11\/Ben-Barak.jpg); margin-left:auto; margin-right:auto; background-size:cover !important;\"><\/div><div class=\"tmm_textblock\"><div class=\"tmm_names\"><span class=\"tmm_fname\">Ben<\/span> <span class=\"tmm_lname\">Barak<\/span><\/div><div class=\"tmm_job\">Reporter<br \/>Production Editor<\/div><div class=\"tmm_desc\" style=\"text-align:left\"><p>Born and raised in Thornhill, Ontario, Ben finished an undergrad at Western University and spent a year living out of cars and surfing up Australia\u2019s coast. Now a Master of Journalism student at Carleton, Ben's excited to surf the slush on Ottawa\u2019s winter streets. Adventurer. Poet. Musician.<\/p><\/div><div class=\"tmm_scblock\"><a target=\"_blank\" class=\"tmm_sociallink\" href=\"https:\/\/twitter.com\/BenBarak6\" title=\"Ben's Twitter\"><img decoding=\"async\" alt=\"Ben's Twitter\" src=\"https:\/\/cusjc.ca\/mosaic\/wp-content\/plugins\/team-members\/inc\/img\/links\/twitter.png\"\/><\/a><\/div><\/div><\/div><div style=\"clear:both;\"><\/div><\/div><\/div><\/div>\n","protected":false},"excerpt":{"rendered":"","protected":false},"author":2,"featured_media":0,"parent":0,"menu_order":0,"comment_status":"closed","ping_status":"closed","template":"","meta":{"footnotes":""},"class_list":["post-104","page","type-page","status-publish","hentry"],"_links":{"self":[{"href":"https:\/\/cusjc.ca\/mosaic\/wp-json\/wp\/v2\/pages\/104","targetHints":{"allow":["GET"]}}],"collection":[{"href":"https:\/\/cusjc.ca\/mosaic\/wp-json\/wp\/v2\/pages"}],"about":[{"href":"https:\/\/cusjc.ca\/mosaic\/wp-json\/wp\/v2\/types\/page"}],"author":[{"embeddable":true,"href":"https:\/\/cusjc.ca\/mosaic\/wp-json\/wp\/v2\/users\/2"}],"replies":[{"embeddable":true,"href":"https:\/\/cusjc.ca\/mosaic\/wp-json\/wp\/v2\/comments?post=104"}],"version-history":[{"count":1,"href":"https:\/\/cusjc.ca\/mosaic\/wp-json\/wp\/v2\/pages\/104\/revisions"}],"predecessor-version":[{"id":105,"href":"https:\/\/cusjc.ca\/mosaic\/wp-json\/wp\/v2\/pages\/104\/revisions\/105"}],"wp:attachment":[{"href":"https:\/\/cusjc.ca\/mosaic\/wp-json\/wp\/v2\/media?parent=104"}],"curies":[{"name":"wp","href":"https:\/\/api.w.org\/{rel}","templated":true}]}}