{"id":12,"date":"2021-05-05T19:22:29","date_gmt":"2021-05-05T19:22:29","guid":{"rendered":"https:\/\/cusjc.ca\/mrp\/catholicisminquebec\/?page_id=12"},"modified":"2021-05-18T16:15:06","modified_gmt":"2021-05-18T16:15:06","slug":"chapter-2","status":"publish","type":"page","link":"https:\/\/cusjc.ca\/mrp\/catholicisminquebec\/chapter-2\/","title":{"rendered":"Chapter 2"},"content":{"rendered":"\n<div class=\"wp-block-group\"><div class=\"wp-block-group__inner-container is-layout-flow wp-block-group-is-layout-flow\">\n<h1 class=\"has-huge-font-size wp-block-heading\"><span style=\"color:#1d93d1\" class=\"has-inline-color\">A country of missionaries turned place of mission<\/span><\/h1>\n\n\n\n<div class=\"wp-block-image is-style-rounded\"><figure class=\"alignleft size-large is-resized\"><img loading=\"lazy\" decoding=\"async\" src=\"https:\/\/cusjc.ca\/mrp\/catholicisminquebec\/wp-content\/uploads\/sites\/33\/2021\/05\/Screen-Shot-2021-05-10-at-1.05.39-AM-edited-e1620636698209.png\" alt=\"\" class=\"wp-image-87\" width=\"100\" height=\"100\"\/><\/figure><\/div>\n\n\n\n<blockquote class=\"wp-block-quote has-text-align-center is-style-large is-layout-flow wp-block-quote-is-layout-flow\"><p><span style=\"color:#c9ba7d\" class=\"has-inline-color\">&#8220;<em>Religion and religious practice, religious communities are constantly changing in the Canadian context<\/em>.&#8221;<\/span><\/p><cite><strong><span style=\"color:#1d93d1\" class=\"has-inline-color\">\u2014 Pamela Klassen<\/span><br><\/strong><span style=\"color:#c9ba7d\" class=\"has-inline-color\"><em>Professor in the Department for the Study of Religion at the University of Toronto<\/em><\/span><\/cite><\/blockquote>\n\n\n\n<hr class=\"wp-block-separator has-text-color has-background is-style-wide\" style=\"background-color:#1d93d1;color:#1d93d1\"\/>\n\n\n\n<div style=\"height:36px\" aria-hidden=\"true\" class=\"wp-block-spacer\"><\/div>\n\n\n\n<p>Thousands of Canadian missionaries went to Africa, Asia and South America in the 1900s, where they built churches and converted people to Catholicism. Religious orders involved in these evangelization efforts include the White Fathers, the Jesuits, the Dominicans and many nun congregations.<\/p>\n\n\n\n<div class=\"wp-block-group\"><div class=\"wp-block-group__inner-container is-layout-flow wp-block-group-is-layout-flow\">\n<div class=\"wp-block-columns is-layout-flex wp-container-core-columns-is-layout-9d6595d7 wp-block-columns-is-layout-flex\">\n<div class=\"wp-block-column is-layout-flow wp-block-column-is-layout-flow\" style=\"flex-basis:55%\">\n<figure class=\"wp-block-image size-large is-style-rounded\"><img loading=\"lazy\" decoding=\"async\" width=\"760\" height=\"762\" src=\"https:\/\/cusjc.ca\/mrp\/catholicisminquebec\/wp-content\/uploads\/sites\/33\/2021\/05\/a203443k.jpg\" alt=\"\" class=\"wp-image-262\" srcset=\"https:\/\/cusjc.ca\/mrp\/catholicisminquebec\/wp-content\/uploads\/sites\/33\/2021\/05\/a203443k.jpg 760w, https:\/\/cusjc.ca\/mrp\/catholicisminquebec\/wp-content\/uploads\/sites\/33\/2021\/05\/a203443k-300x300.jpg 300w, https:\/\/cusjc.ca\/mrp\/catholicisminquebec\/wp-content\/uploads\/sites\/33\/2021\/05\/a203443k-150x150.jpg 150w, https:\/\/cusjc.ca\/mrp\/catholicisminquebec\/wp-content\/uploads\/sites\/33\/2021\/05\/a203443k-100x100.jpg 100w\" sizes=\"auto, (max-width: 706px) 89vw, (max-width: 767px) 82vw, 740px\" \/><figcaption>Canadian cardinal Paul \u00c9mile L\u00e9ger holds a child at the Centre for Handicapped Children in Yaound\u00e9, Cameroon. He was one of many Canadian missionaries that worked abroad. Photo \u00a9 Library and Archives Canada<\/figcaption><\/figure>\n<\/div>\n\n\n\n<div class=\"wp-block-column is-vertically-aligned-center is-layout-flow wp-block-column-is-layout-flow\" style=\"flex-basis:35%\">\n<p class=\"has-background has-normal-font-size\" style=\"background-color:#e5e5e5\">\u201cCanada was one of the countries with the highest number of missionaries per person in the world,\u201d said Martin Meunier, professor of sociology of religion at the School of Sociological and Anthropological Studies at the University of Ottawa. \u201cA lot of Canada\u2019s international influence was fostered by our priests, our religious communities,\u201d he said.<\/p>\n<\/div>\n<\/div>\n<\/div><\/div>\n\n\n\n<p>The country is now on the receiving end of this trend, as it welcomes clerics from overseas to help with keeping the faith in this country.<\/p>\n\n\n\n<p>Some members of the church see this as a \u201cfitting reversal of roles,\u201d said Ignace Ndongala, an adjunct professor at the Institute of Religious Studies at the University of Montreal.<\/p>\n\n\n\n<p>\u201cInitially they were the ones sending people to different places, but now they don\u2019t have [anyone],\u201d explained Nnaemeka Ali, a Nigerian priest who currently works in Innu communities in Northern Quebec. When the Canadian clergy started asking for help, he saw an opportunity to return the favour.<\/p>\n\n\n\n<p>\u201cOne of the things that motivated me was the idea that Quebec was really generous at the beginning, helping others, so it would be unfair not to hearken to their call at a point where they needed people to help them out,\u201d he said.<\/p>\n\n\n\n<p>Ali belongs to a religious order called the Missionary Oblates of Mary Immaculate, which maintains missions worldwide. \u201cWe\u2019re like a family,\u201d he said. \u201cAnd in family \u2013 that\u2019s my own personal belief \u2013 your movements are about who needs help, so if help is needed in a particular area, you don\u2019t say \u2018no that\u2019s not my own area of concentration\u2019.\u201d<\/p>\n<\/div><\/div>\n\n\n\n<p class=\"has-text-color\" style=\"color:#1d93d1\"><strong><em>See also \u2013 <a href=\"https:\/\/cusjc.ca\/mrp\/catholicisminquebec\/2021\/05\/11\/nnaemeka-ali\/\">Meet Nnaemeka Ali, a missionary priest working in Innu communities in Northern Quebec<\/a>.<\/em><\/strong><\/p>\n\n\n\n<div class=\"wp-block-cover alignwide has-background-dim\" style=\"min-height:317px;aspect-ratio:unset;\"><img loading=\"lazy\" decoding=\"async\" width=\"2133\" height=\"1200\" class=\"wp-block-cover__image-background wp-image-144\" alt=\"\" src=\"https:\/\/cusjc.ca\/mrp\/catholicisminquebec\/wp-content\/uploads\/sites\/33\/2021\/05\/HISTORY-IN-BERGERONNES-scaled-e1620695676145.jpg\" style=\"object-position:53% 96%\" data-object-fit=\"cover\" data-object-position=\"53% 96%\"\/><div class=\"wp-block-cover__inner-container is-layout-flow wp-block-cover-is-layout-flow\">\n<p class=\"has-text-align-center has-large-font-size\"><strong>Is this really a new trend?<\/strong><\/p>\n<\/div><\/div>\n\n\n\n<div style=\"height:41px\" aria-hidden=\"true\" class=\"wp-block-spacer\"><\/div>\n\n\n\n<p>This shift is merely a cyclical return to the past, said Pamela Klassen, professor in the Department for the Study of Religion at the University of Toronto. \u201cYou could say the idea of a local priest or nun is actually the exception, if you\u2019re looking at the long historical span of time.\u201d<\/p>\n\n\n\n<p>Canada\u2019s first priests and nuns came from Europe, accompanying settlers as they colonized North America. Foreign missionaries continued to come to Canada for most of the 19th century before this trend slowed down.<\/p>\n\n\n\n<iframe loading=\"lazy\" src=\"https:\/\/cdn.knightlab.com\/libs\/timeline3\/latest\/embed\/index.html?source=1TZhtqZuK7F2JiuI6zjBPRoZUjpYwPq2OS-8wOwL3tu8&amp;font=Default&amp;lang=en&amp;initial_zoom=1&amp;height=700\" width=\"900\" height=\"700\" frameborder=\"0\"><\/iframe>\n\n\n\n<p>Even before there were Canadian-led missions abroad, churches in Canada were already working on converting Indigenous people. With help from the government, they forced Indigenous children to attend residential schools and suppressed their culture and language, which led to widespread physical, sexual and psychological abuse.<\/p>\n\n\n\n<div class=\"wp-block-columns is-layout-flex wp-container-core-columns-is-layout-9d6595d7 wp-block-columns-is-layout-flex\">\n<div class=\"wp-block-column is-layout-flow wp-block-column-is-layout-flow\" style=\"flex-basis:60%\">\n<iframe loading=\"lazy\" width=\"100%\" height=\"300\" scrolling=\"no\" frameborder=\"no\" allow=\"autoplay\" src=\"https:\/\/w.soundcloud.com\/player\/?url=https%3A\/\/api.soundcloud.com\/tracks\/1047712333&amp;color=%231d93d1&amp;auto_play=false&amp;hide_related=false&amp;show_comments=true&amp;show_user=true&amp;show_reposts=false&amp;show_teaser=true&amp;visual=true\"><\/iframe><div style=\"font-size: 10px; color: #cccccc;line-break: anywhere;word-break: normal;overflow: hidden;white-space: nowrap;text-overflow: ellipsis; font-family: Interstate,Lucida Grande,Lucida Sans Unicode,Lucida Sans,Garuda,Verdana,Tahoma,sans-serif;font-weight: 100;\"><a href=\"https:\/\/soundcloud.com\/user-33646492\" title=\"Emilie\" target=\"_blank\" style=\"color: #cccccc; text-decoration: none;\" rel=\"noopener\"><\/a> <a href=\"https:\/\/soundcloud.com\/user-33646492\/pamela-klassen-talks-about-the-harm-caused-by-christian-missions-in-indigenous-communities\" title=\"Pamela Klassen talks about the harm caused by Christian missions in Indigenous communities\" target=\"_blank\" style=\"color: #cccccc; text-decoration: none;\" rel=\"noopener\"><\/a><\/div>\n<\/div>\n\n\n\n<div class=\"wp-block-column is-vertically-aligned-center is-layout-flow wp-block-column-is-layout-flow\" style=\"flex-basis:40%\">\n<p><span style=\"color:#1d93d1\" class=\"has-inline-color\"><strong>Professor of religious studies Pamela Klassen talks about the harm that Indigenous Peoples suffered at the hand of the church<\/strong><\/span><\/p>\n<\/div>\n<\/div>\n\n\n\n<p>It is only at the end of the 1800s that Canadian missionaries started setting up missions overseas. Their overseas evangelisation efforts lasted well into the 20<sup>th<\/sup>&nbsp;century.<\/p>\n\n\n\n<h2 class=\"wp-block-heading\"><strong><span style=\"color:#1d93d1\" class=\"has-inline-color\">The role of globalization<\/span><\/strong><\/h2>\n\n\n\n<p>The arrival of Canadian missionaries in Africa and South America happened in a historical context that\u2019s very different from today. At the time, it was countries with resources and power to contact other civilisations that were sending missionaries, Ndongala said. Countries without these means had a very limited capacity to do evangelical work outside their borders, he said.<\/p>\n\n\n\n<p>But thanks to technology, distance is no longer a significant barrier to religious migration.<\/p>\n\n\n\n<p>Clerics in the Global South can now take a plane and go work anywhere in the world, Ndongala noted. And by the 1990s, when the Canadian clergy started depleting, African priests were already coming to Canada to study.<\/p>\n\n\n\n<p>\u201cSlowly local dioceses started considering the possibility of having priests from abroad do residencies,\u201d explained Meunier.<\/p>\n\n\n\n<p class=\"has-text-color\" style=\"color:#1d93d1\"><em><strong>To better understand why the Roman Catholic Church lost its grip on Canadian society, see also \u201c<a href=\"https:\/\/cusjc.ca\/mrp\/catholicisminquebec\/chapter-4\/\">Quebec\u2019s weakening Catholic adherence<\/a>\u201d<\/strong><\/em><\/p>\n\n\n\n<div class=\"wp-block-group\"><div class=\"wp-block-group__inner-container is-layout-flow wp-block-group-is-layout-flow\">\n<p class=\"has-small-font-size\"><em>Top photo \u00a9 Newman Theological College<\/em><\/p>\n<\/div><\/div>\n\n\n\n<p><\/p>\n","protected":false},"excerpt":{"rendered":"<p>A country of missionaries turned place of mission &#8220;Religion and religious practice, religious communities are constantly changing in the Canadian context.&#8221; \u2014 Pamela KlassenProfessor in the Department for the Study of Religion at the University of Toronto Thousands of Canadian missionaries went to Africa, Asia and South America in the 1900s, where they built churches &hellip; <\/p>\n<p class=\"link-more\"><a href=\"https:\/\/cusjc.ca\/mrp\/catholicisminquebec\/chapter-2\/\" class=\"more-link\">Continue reading<span class=\"screen-reader-text\"> &#8220;Chapter 2&#8221;<\/span><\/a><\/p>\n","protected":false},"author":1,"featured_media":520,"parent":0,"menu_order":0,"comment_status":"closed","ping_status":"closed","template":"","meta":{"ngg_post_thumbnail":0,"footnotes":""},"class_list":["post-12","page","type-page","status-publish","has-post-thumbnail","hentry"],"yoast_head":"<!-- This site is optimized with the Yoast SEO plugin v27.5 - https:\/\/yoast.com\/product\/yoast-seo-wordpress\/ -->\n<title>Chapter 2 - The new face of Catholicism in Quebec&#039;s rural towns<\/title>\n<meta name=\"robots\" content=\"index, follow, max-snippet:-1, max-image-preview:large, max-video-preview:-1\" \/>\n<link rel=\"canonical\" href=\"https:\/\/cusjc.ca\/mrp\/catholicisminquebec\/chapter-2\/\" \/>\n<meta property=\"og:locale\" content=\"en_US\" \/>\n<meta property=\"og:type\" content=\"article\" \/>\n<meta property=\"og:title\" content=\"Chapter 2 - The new face of Catholicism in Quebec&#039;s rural towns\" \/>\n<meta property=\"og:description\" content=\"A country of missionaries turned place of mission &#8220;Religion and religious practice, religious communities are constantly changing in the Canadian context.&#8221; \u2014 Pamela KlassenProfessor in the Department for the Study of Religion at the University of Toronto Thousands of Canadian missionaries went to Africa, Asia and South America in the 1900s, where they built churches &hellip; Continue reading &quot;Chapter 2&quot;\" \/>\n<meta property=\"og:url\" content=\"https:\/\/cusjc.ca\/mrp\/catholicisminquebec\/chapter-2\/\" \/>\n<meta property=\"og:site_name\" content=\"The new face of Catholicism in Quebec&#039;s rural towns\" \/>\n<meta property=\"article:modified_time\" content=\"2021-05-18T16:15:06+00:00\" \/>\n<meta property=\"og:image\" content=\"https:\/\/cusjc.ca\/mrp\/catholicisminquebec\/wp-content\/uploads\/sites\/33\/2021\/05\/Chap-2.jpg\" \/>\n\t<meta property=\"og:image:width\" content=\"1920\" \/>\n\t<meta property=\"og:image:height\" content=\"1280\" \/>\n\t<meta property=\"og:image:type\" content=\"image\/jpeg\" \/>\n<meta name=\"twitter:card\" content=\"summary_large_image\" \/>\n<meta name=\"twitter:label1\" content=\"Est. reading time\" \/>\n\t<meta name=\"twitter:data1\" content=\"4 minutes\" \/>\n<script type=\"application\/ld+json\" class=\"yoast-schema-graph\">{\"@context\":\"https:\\\/\\\/schema.org\",\"@graph\":[{\"@type\":\"WebPage\",\"@id\":\"https:\\\/\\\/cusjc.ca\\\/mrp\\\/catholicisminquebec\\\/chapter-2\\\/\",\"url\":\"https:\\\/\\\/cusjc.ca\\\/mrp\\\/catholicisminquebec\\\/chapter-2\\\/\",\"name\":\"Chapter 2 - The new face of Catholicism in Quebec's rural towns\",\"isPartOf\":{\"@id\":\"https:\\\/\\\/cusjc.ca\\\/mrp\\\/catholicisminquebec\\\/#website\"},\"primaryImageOfPage\":{\"@id\":\"https:\\\/\\\/cusjc.ca\\\/mrp\\\/catholicisminquebec\\\/chapter-2\\\/#primaryimage\"},\"image\":{\"@id\":\"https:\\\/\\\/cusjc.ca\\\/mrp\\\/catholicisminquebec\\\/chapter-2\\\/#primaryimage\"},\"thumbnailUrl\":\"https:\\\/\\\/cusjc.ca\\\/mrp\\\/catholicisminquebec\\\/wp-content\\\/uploads\\\/sites\\\/33\\\/2021\\\/05\\\/Chap-2.jpg\",\"datePublished\":\"2021-05-05T19:22:29+00:00\",\"dateModified\":\"2021-05-18T16:15:06+00:00\",\"breadcrumb\":{\"@id\":\"https:\\\/\\\/cusjc.ca\\\/mrp\\\/catholicisminquebec\\\/chapter-2\\\/#breadcrumb\"},\"inLanguage\":\"en-US\",\"potentialAction\":[{\"@type\":\"ReadAction\",\"target\":[\"https:\\\/\\\/cusjc.ca\\\/mrp\\\/catholicisminquebec\\\/chapter-2\\\/\"]}]},{\"@type\":\"ImageObject\",\"inLanguage\":\"en-US\",\"@id\":\"https:\\\/\\\/cusjc.ca\\\/mrp\\\/catholicisminquebec\\\/chapter-2\\\/#primaryimage\",\"url\":\"https:\\\/\\\/cusjc.ca\\\/mrp\\\/catholicisminquebec\\\/wp-content\\\/uploads\\\/sites\\\/33\\\/2021\\\/05\\\/Chap-2.jpg\",\"contentUrl\":\"https:\\\/\\\/cusjc.ca\\\/mrp\\\/catholicisminquebec\\\/wp-content\\\/uploads\\\/sites\\\/33\\\/2021\\\/05\\\/Chap-2.jpg\",\"width\":1920,\"height\":1280},{\"@type\":\"BreadcrumbList\",\"@id\":\"https:\\\/\\\/cusjc.ca\\\/mrp\\\/catholicisminquebec\\\/chapter-2\\\/#breadcrumb\",\"itemListElement\":[{\"@type\":\"ListItem\",\"position\":1,\"name\":\"Home\",\"item\":\"https:\\\/\\\/cusjc.ca\\\/mrp\\\/catholicisminquebec\\\/\"},{\"@type\":\"ListItem\",\"position\":2,\"name\":\"Chapter 2\"}]},{\"@type\":\"WebSite\",\"@id\":\"https:\\\/\\\/cusjc.ca\\\/mrp\\\/catholicisminquebec\\\/#website\",\"url\":\"https:\\\/\\\/cusjc.ca\\\/mrp\\\/catholicisminquebec\\\/\",\"name\":\"The new face of Catholicism in Quebec's rural towns\",\"description\":\"By \u00c9milie Warren\",\"potentialAction\":[{\"@type\":\"SearchAction\",\"target\":{\"@type\":\"EntryPoint\",\"urlTemplate\":\"https:\\\/\\\/cusjc.ca\\\/mrp\\\/catholicisminquebec\\\/?s={search_term_string}\"},\"query-input\":{\"@type\":\"PropertyValueSpecification\",\"valueRequired\":true,\"valueName\":\"search_term_string\"}}],\"inLanguage\":\"en-US\"}]}<\/script>\n<!-- \/ Yoast SEO plugin. -->","yoast_head_json":{"title":"Chapter 2 - The new face of Catholicism in Quebec's rural towns","robots":{"index":"index","follow":"follow","max-snippet":"max-snippet:-1","max-image-preview":"max-image-preview:large","max-video-preview":"max-video-preview:-1"},"canonical":"https:\/\/cusjc.ca\/mrp\/catholicisminquebec\/chapter-2\/","og_locale":"en_US","og_type":"article","og_title":"Chapter 2 - The new face of Catholicism in Quebec's rural towns","og_description":"A country of missionaries turned place of mission &#8220;Religion and religious practice, religious communities are constantly changing in the Canadian context.&#8221; \u2014 Pamela KlassenProfessor in the Department for the Study of Religion at the University of Toronto Thousands of Canadian missionaries went to Africa, Asia and South America in the 1900s, where they built churches &hellip; Continue reading \"Chapter 2\"","og_url":"https:\/\/cusjc.ca\/mrp\/catholicisminquebec\/chapter-2\/","og_site_name":"The new face of Catholicism in Quebec's rural towns","article_modified_time":"2021-05-18T16:15:06+00:00","og_image":[{"width":1920,"height":1280,"url":"https:\/\/cusjc.ca\/mrp\/catholicisminquebec\/wp-content\/uploads\/sites\/33\/2021\/05\/Chap-2.jpg","type":"image\/jpeg"}],"twitter_card":"summary_large_image","twitter_misc":{"Est. reading time":"4 minutes"},"schema":{"@context":"https:\/\/schema.org","@graph":[{"@type":"WebPage","@id":"https:\/\/cusjc.ca\/mrp\/catholicisminquebec\/chapter-2\/","url":"https:\/\/cusjc.ca\/mrp\/catholicisminquebec\/chapter-2\/","name":"Chapter 2 - The new face of Catholicism in Quebec's rural towns","isPartOf":{"@id":"https:\/\/cusjc.ca\/mrp\/catholicisminquebec\/#website"},"primaryImageOfPage":{"@id":"https:\/\/cusjc.ca\/mrp\/catholicisminquebec\/chapter-2\/#primaryimage"},"image":{"@id":"https:\/\/cusjc.ca\/mrp\/catholicisminquebec\/chapter-2\/#primaryimage"},"thumbnailUrl":"https:\/\/cusjc.ca\/mrp\/catholicisminquebec\/wp-content\/uploads\/sites\/33\/2021\/05\/Chap-2.jpg","datePublished":"2021-05-05T19:22:29+00:00","dateModified":"2021-05-18T16:15:06+00:00","breadcrumb":{"@id":"https:\/\/cusjc.ca\/mrp\/catholicisminquebec\/chapter-2\/#breadcrumb"},"inLanguage":"en-US","potentialAction":[{"@type":"ReadAction","target":["https:\/\/cusjc.ca\/mrp\/catholicisminquebec\/chapter-2\/"]}]},{"@type":"ImageObject","inLanguage":"en-US","@id":"https:\/\/cusjc.ca\/mrp\/catholicisminquebec\/chapter-2\/#primaryimage","url":"https:\/\/cusjc.ca\/mrp\/catholicisminquebec\/wp-content\/uploads\/sites\/33\/2021\/05\/Chap-2.jpg","contentUrl":"https:\/\/cusjc.ca\/mrp\/catholicisminquebec\/wp-content\/uploads\/sites\/33\/2021\/05\/Chap-2.jpg","width":1920,"height":1280},{"@type":"BreadcrumbList","@id":"https:\/\/cusjc.ca\/mrp\/catholicisminquebec\/chapter-2\/#breadcrumb","itemListElement":[{"@type":"ListItem","position":1,"name":"Home","item":"https:\/\/cusjc.ca\/mrp\/catholicisminquebec\/"},{"@type":"ListItem","position":2,"name":"Chapter 2"}]},{"@type":"WebSite","@id":"https:\/\/cusjc.ca\/mrp\/catholicisminquebec\/#website","url":"https:\/\/cusjc.ca\/mrp\/catholicisminquebec\/","name":"The new face of Catholicism in Quebec's rural towns","description":"By \u00c9milie Warren","potentialAction":[{"@type":"SearchAction","target":{"@type":"EntryPoint","urlTemplate":"https:\/\/cusjc.ca\/mrp\/catholicisminquebec\/?s={search_term_string}"},"query-input":{"@type":"PropertyValueSpecification","valueRequired":true,"valueName":"search_term_string"}}],"inLanguage":"en-US"}]}},"_links":{"self":[{"href":"https:\/\/cusjc.ca\/mrp\/catholicisminquebec\/wp-json\/wp\/v2\/pages\/12","targetHints":{"allow":["GET"]}}],"collection":[{"href":"https:\/\/cusjc.ca\/mrp\/catholicisminquebec\/wp-json\/wp\/v2\/pages"}],"about":[{"href":"https:\/\/cusjc.ca\/mrp\/catholicisminquebec\/wp-json\/wp\/v2\/types\/page"}],"author":[{"embeddable":true,"href":"https:\/\/cusjc.ca\/mrp\/catholicisminquebec\/wp-json\/wp\/v2\/users\/1"}],"replies":[{"embeddable":true,"href":"https:\/\/cusjc.ca\/mrp\/catholicisminquebec\/wp-json\/wp\/v2\/comments?post=12"}],"version-history":[{"count":0,"href":"https:\/\/cusjc.ca\/mrp\/catholicisminquebec\/wp-json\/wp\/v2\/pages\/12\/revisions"}],"wp:featuredmedia":[{"embeddable":true,"href":"https:\/\/cusjc.ca\/mrp\/catholicisminquebec\/wp-json\/wp\/v2\/media\/520"}],"wp:attachment":[{"href":"https:\/\/cusjc.ca\/mrp\/catholicisminquebec\/wp-json\/wp\/v2\/media?parent=12"}],"curies":[{"name":"wp","href":"https:\/\/api.w.org\/{rel}","templated":true}]}}